{"id":861,"date":"2025-02-11T00:35:22","date_gmt":"2025-02-11T00:35:22","guid":{"rendered":"https:\/\/www.pia-kraus.de\/?page_id=861"},"modified":"2025-02-11T00:46:36","modified_gmt":"2025-02-11T00:46:36","slug":"impressum","status":"publish","type":"page","link":"https:\/\/www.pia-kraus.de\/en\/impressum\/","title":{"rendered":"Impressum"},"content":{"rendered":"\t\t<div data-elementor-type=\"wp-page\" data-elementor-id=\"861\" class=\"elementor elementor-861\" data-elementor-post-type=\"page\">\n\t\t\t\t<div class=\"elementor-element elementor-element-81b6ae0 e-flex e-con-boxed e-con e-parent\" data-id=\"81b6ae0\" data-element_type=\"container\">\n\t\t\t\t\t<div class=\"e-con-inner\">\n\t\t\t\t<div class=\"elementor-element elementor-element-b81ee3d elementor-widget elementor-widget-heading\" data-id=\"b81ee3d\" data-element_type=\"widget\" data-widget_type=\"heading.default\">\n\t\t\t\t<div class=\"elementor-widget-container\">\n\t\t\t\t\t<h2 class=\"elementor-heading-title elementor-size-default\">Imprint<\/h2>\t\t\t\t<\/div>\n\t\t\t\t<\/div>\n\t\t\t\t<div class=\"elementor-element elementor-element-0012de6 elementor-widget elementor-widget-text-editor\" data-id=\"0012de6\" data-element_type=\"widget\" data-widget_type=\"text-editor.default\">\n\t\t\t\t<div class=\"elementor-widget-container\">\n\t\t\t\t\t\t\t\t\t<div class=\"page\" title=\"Page 1\">\n<div class=\"layoutArea\">\n<div class=\"column\">\n\nInformation in accordance with Section 5 TMG:\nPia Luise Kraus (Sole Proprietor)\nH\u00f6henstra\u00dfe 45\n60385 Frankfurt am Main\n\nPhone: +49 176 47144144\nEmail: pialuise.k@gmail.com\nWebsite: https:\/\/pia-kraus.de\/\n\nRegistration Number:\nVAT Identification Number:\n\nResponsible for content in accordance with Section 55 (2) RStV:\nPia Luise Kraus (Sole Proprietor)\nH\u00f6henstra\u00dfe 45\n60385 Frankfurt am Main\n\nDisclaimer\nLiability for Content\nThe contents of this website were created with the greatest possible care. However, I do not assume any liability for the correctness, completeness, or currentness of the content provided. As a service provider, I am responsible for my own content on these pages according to general laws pursuant to Section 7 (1) TMG. According to Sections 8 to 10 TMG, however, I am not obligated to monitor transmitted or stored third-party information or to investigate circumstances that indicate illegal activity. Obligations to remove or block the use of information according to general laws remain unaffected. Liability in this respect is only possible from the time of knowledge of a specific infringement. Upon becoming aware of such legal violations, I will remove the content in question immediately.\n\nLiability for Links\nThis website contains links to external third-party websites, the content of which I have no influence over. Therefore, I cannot assume any liability for these external contents. The respective provider or operator of the linked pages is always responsible for their content. The linked pages were checked for possible legal violations at the time of linking. Illegal content was not identifiable at the time of linking. Permanent monitoring of the content of the linked pages is not reasonable without concrete indications of a legal violation. Upon becoming aware of such legal violations, I will remove these links immediately.\n\nCopyright\nThe content and works created by the website operator on this website are subject to German copyright law. The reproduction, editing, distribution, and any kind of exploitation outside the limits of copyright law require the written consent of the respective author or creator. Downloads and copies of this site are only permitted for private, non-commercial use. Insofar as the content on this site was not created by the operator, the copyrights of third parties are respected. In particular, third-party content is marked as such. Should you nevertheless become aware of a copyright infringement, please inform me accordingly. Upon becoming aware of legal violations, I will remove such content immediately.\n\nSource: Pia Luise Kraus\t\t\t\t\t\t\t\t<\/div>\n\t\t\t\t<\/div>\n\t\t\t\t\t<\/div>\n\t\t\t\t<\/div>\n\t\t\t\t<\/div>\n\t\t","protected":false},"excerpt":{"rendered":"<p>Impressum Angaben gem\u00e4\u00df \u00a7 5 TMG:Pia Luise Kraus (Einzelunternehmerin)H\u00f6henstra\u00dfe 4560385 Frankfurt am Main Telefon: +49 176 47144144E-Mail: pialuise.k@gmail.comWebseite: https:\/\/pia-kraus.de\/ Registernummer:Umsatzsteuer-Identifikationsnummer: [&hellip;]<\/p>\n","protected":false},"author":1,"featured_media":0,"parent":0,"menu_order":0,"comment_status":"closed","ping_status":"closed","template":"","meta":{"_acf_changed":false,"site-sidebar-layout":"no-sidebar","site-content-layout":"","ast-site-content-layout":"full-width-container","site-content-style":"default","site-sidebar-style":"default","ast-global-header-display":"","ast-banner-title-visibility":"","ast-main-header-display":"","ast-hfb-above-header-display":"","ast-hfb-below-header-display":"","ast-hfb-mobile-header-display":"","site-post-title":"disabled","ast-breadcrumbs-content":"","ast-featured-img":"disabled","footer-sml-layout":"","theme-transparent-header-meta":"","adv-header-id-meta":"","stick-header-meta":"","header-above-stick-meta":"","header-main-stick-meta":"","header-below-stick-meta":"","astra-migrate-meta-layouts":"default","ast-page-background-enabled":"default","ast-page-background-meta":{"desktop":{"background-color":"var(--ast-global-color-5)","background-image":"","background-repeat":"repeat","background-position":"center center","background-size":"auto","background-attachment":"scroll","background-type":"","background-media":"","overlay-type":"","overlay-color":"","overlay-opacity":"","overlay-gradient":""},"tablet":{"background-color":"","background-image":"","background-repeat":"repeat","background-position":"center center","background-size":"auto","background-attachment":"scroll","background-type":"","background-media":"","overlay-type":"","overlay-color":"","overlay-opacity":"","overlay-gradient":""},"mobile":{"background-color":"","background-image":"","background-repeat":"repeat","background-position":"center center","background-size":"auto","background-attachment":"scroll","background-type":"","background-media":"","overlay-type":"","overlay-color":"","overlay-opacity":"","overlay-gradient":""}},"ast-content-background-meta":{"desktop":{"background-color":"var(--ast-global-color-4)","background-image":"","background-repeat":"repeat","background-position":"center center","background-size":"auto","background-attachment":"scroll","background-type":"","background-media":"","overlay-type":"","overlay-color":"","overlay-opacity":"","overlay-gradient":""},"tablet":{"background-color":"var(--ast-global-color-4)","background-image":"","background-repeat":"repeat","background-position":"center center","background-size":"auto","background-attachment":"scroll","background-type":"","background-media":"","overlay-type":"","overlay-color":"","overlay-opacity":"","overlay-gradient":""},"mobile":{"background-color":"var(--ast-global-color-4)","background-image":"","background-repeat":"repeat","background-position":"center center","background-size":"auto","background-attachment":"scroll","background-type":"","background-media":"","overlay-type":"","overlay-color":"","overlay-opacity":"","overlay-gradient":""}},"footnotes":""},"class_list":["post-861","page","type-page","status-publish","hentry"],"acf":[],"yoast_head":"<!-- This site is optimized with the Yoast SEO plugin v25.5 - https:\/\/yoast.com\/wordpress\/plugins\/seo\/ -->\n<title>Impressum - Pia Kraus<\/title>\n<meta name=\"description\" content=\"Impressum Angaben gem\u00e4\u00df \u00a7 5 TMG:Pia Luise Kraus (Einzelunternehmerin)H\u00f6henstra\u00dfe 4560385 Frankfurt am MainTelefon: +49 176 47144144E-Mail: pialuise.k@gmail.comWebseite: https:\/\/pia-kraus.de\/Registernummer:Umsatzsteuer-Identifikationsnummer:Verantwortlich f\u00fcr den Inhalt nach \u00a7 55 Abs. 2 RStV:Pia Luise Kraus (Einzelunternehmerin)H\u00f6henstra\u00dfe 4560385 Frankfurt am MainHaftungsausschlussHaftung f\u00fcr InhalteDie Inhalte dieser Website wurden mit gr\u00f6\u00dftm\u00f6glicher Sorgfalt erstellt. Dennoch \u00fcbernehme ich keine Gew\u00e4hr f\u00fcr die Richtigkeit, Vollst\u00e4ndigkeit und Aktualit\u00e4t&hellip;\" \/>\n<meta name=\"robots\" content=\"noindex, follow, max-snippet:-1, max-image-preview:large, max-video-preview:-1\" \/>\n<meta property=\"og:locale\" content=\"en_US\" \/>\n<meta property=\"og:type\" content=\"article\" \/>\n<meta property=\"og:title\" content=\"Impressum - Pia Kraus\" \/>\n<meta property=\"og:description\" content=\"Impressum Angaben gem\u00e4\u00df \u00a7 5 TMG:Pia Luise Kraus (Einzelunternehmerin)H\u00f6henstra\u00dfe 4560385 Frankfurt am MainTelefon: +49 176 47144144E-Mail: pialuise.k@gmail.comWebseite: https:\/\/pia-kraus.de\/Registernummer:Umsatzsteuer-Identifikationsnummer:Verantwortlich f\u00fcr den Inhalt nach \u00a7 55 Abs. 2 RStV:Pia Luise Kraus (Einzelunternehmerin)H\u00f6henstra\u00dfe 4560385 Frankfurt am MainHaftungsausschlussHaftung f\u00fcr InhalteDie Inhalte dieser Website wurden mit gr\u00f6\u00dftm\u00f6glicher Sorgfalt erstellt. Dennoch \u00fcbernehme ich keine Gew\u00e4hr f\u00fcr die Richtigkeit, Vollst\u00e4ndigkeit und Aktualit\u00e4t&hellip;\" \/>\n<meta property=\"og:url\" content=\"https:\/\/www.pia-kraus.de\/en\/impressum\/\" \/>\n<meta property=\"og:site_name\" content=\"Pia Kraus\" \/>\n<meta property=\"article:modified_time\" content=\"2025-02-11T00:46:36+00:00\" \/>\n<meta name=\"twitter:card\" content=\"summary_large_image\" \/>\n<meta name=\"twitter:label1\" content=\"Est. reading time\" \/>\n\t<meta name=\"twitter:data1\" content=\"3 minutes\" \/>\n<script type=\"application\/ld+json\" class=\"yoast-schema-graph\">{\"@context\":\"https:\/\/schema.org\",\"@graph\":[{\"@type\":\"WebPage\",\"@id\":\"https:\/\/www.pia-kraus.de\/en\/en\/impressum\/\",\"url\":\"https:\/\/www.pia-kraus.de\/en\/en\/impressum\/\",\"name\":\"Impressum - Pia Kraus\",\"isPartOf\":{\"@id\":\"https:\/\/www.pia-kraus.de\/#website\"},\"datePublished\":\"2025-02-11T00:35:22+00:00\",\"dateModified\":\"2025-02-11T00:46:36+00:00\",\"breadcrumb\":{\"@id\":\"https:\/\/www.pia-kraus.de\/en\/impressum\/#breadcrumb\"},\"inLanguage\":\"en-US\",\"potentialAction\":[{\"@type\":\"ReadAction\",\"target\":[\"https:\/\/www.pia-kraus.de\/en\/impressum\/\"]}]},{\"@type\":\"BreadcrumbList\",\"@id\":\"https:\/\/www.pia-kraus.de\/en\/impressum\/#breadcrumb\",\"itemListElement\":[{\"@type\":\"ListItem\",\"position\":1,\"name\":\"Home\",\"item\":\"https:\/\/www.pia-kraus.de\/\"},{\"@type\":\"ListItem\",\"position\":2,\"name\":\"Impressum\"}]},{\"@type\":\"WebSite\",\"@id\":\"https:\/\/www.pia-kraus.de\/en\/#website\",\"url\":\"https:\/\/www.pia-kraus.de\/en\/\",\"name\":\"Pia Kraus\",\"description\":\"\",\"publisher\":{\"@id\":\"https:\/\/www.pia-kraus.de\/en\/#organization\"},\"potentialAction\":[{\"@type\":\"SearchAction\",\"target\":{\"@type\":\"EntryPoint\",\"urlTemplate\":\"https:\/\/www.pia-kraus.de\/en\/?s={search_term_string}\"},\"query-input\":{\"@type\":\"PropertyValueSpecification\",\"valueRequired\":true,\"valueName\":\"search_term_string\"}}],\"inLanguage\":\"en-US\"},{\"@type\":\"Organization\",\"@id\":\"https:\/\/www.pia-kraus.de\/en\/#organization\",\"name\":\"Pia Kraus\",\"url\":\"https:\/\/www.pia-kraus.de\/en\/\",\"logo\":{\"@type\":\"ImageObject\",\"inLanguage\":\"en-US\",\"@id\":\"https:\/\/www.pia-kraus.de\/en\/#\/schema\/logo\/image\/\",\"url\":\"https:\/\/www.pia-kraus.de\/wp-content\/uploads\/2025\/01\/cropped-cropped-pia_logo.png\",\"contentUrl\":\"https:\/\/www.pia-kraus.de\/wp-content\/uploads\/2025\/01\/cropped-cropped-pia_logo.png\",\"width\":512,\"height\":512,\"caption\":\"Pia Kraus\"},\"image\":{\"@id\":\"https:\/\/www.pia-kraus.de\/en\/#\/schema\/logo\/image\/\"}}]}<\/script>\n<!-- \/ Yoast SEO plugin. -->","yoast_head_json":{"title":"Impressum - Pia Kraus","description":"Impressum Angaben gem\u00e4\u00df \u00a7 5 TMG:Pia Luise Kraus (Einzelunternehmerin)H\u00f6henstra\u00dfe 4560385 Frankfurt am MainTelefon: +49 176 47144144E-Mail: pialuise.k@gmail.comWebseite: https:\/\/pia-kraus.de\/Registernummer:Umsatzsteuer-Identifikationsnummer:Verantwortlich f\u00fcr den Inhalt nach \u00a7 55 Abs. 2 RStV:Pia Luise Kraus (Einzelunternehmerin)H\u00f6henstra\u00dfe 4560385 Frankfurt am MainHaftungsausschlussHaftung f\u00fcr InhalteDie Inhalte dieser Website wurden mit gr\u00f6\u00dftm\u00f6glicher Sorgfalt erstellt. Dennoch \u00fcbernehme ich keine Gew\u00e4hr f\u00fcr die Richtigkeit, Vollst\u00e4ndigkeit und Aktualit\u00e4t&hellip;","robots":{"index":"noindex","follow":"follow","max-snippet":"max-snippet:-1","max-image-preview":"max-image-preview:large","max-video-preview":"max-video-preview:-1"},"og_locale":"en_US","og_type":"article","og_title":"Impressum - Pia Kraus","og_description":"Impressum Angaben gem\u00e4\u00df \u00a7 5 TMG:Pia Luise Kraus (Einzelunternehmerin)H\u00f6henstra\u00dfe 4560385 Frankfurt am MainTelefon: +49 176 47144144E-Mail: pialuise.k@gmail.comWebseite: https:\/\/pia-kraus.de\/Registernummer:Umsatzsteuer-Identifikationsnummer:Verantwortlich f\u00fcr den Inhalt nach \u00a7 55 Abs. 2 RStV:Pia Luise Kraus (Einzelunternehmerin)H\u00f6henstra\u00dfe 4560385 Frankfurt am MainHaftungsausschlussHaftung f\u00fcr InhalteDie Inhalte dieser Website wurden mit gr\u00f6\u00dftm\u00f6glicher Sorgfalt erstellt. Dennoch \u00fcbernehme ich keine Gew\u00e4hr f\u00fcr die Richtigkeit, Vollst\u00e4ndigkeit und Aktualit\u00e4t&hellip;","og_url":"https:\/\/www.pia-kraus.de\/en\/impressum\/","og_site_name":"Pia Kraus","article_modified_time":"2025-02-11T00:46:36+00:00","twitter_card":"summary_large_image","twitter_misc":{"Est. reading time":"3 minutes"},"schema":{"@context":"https:\/\/schema.org","@graph":[{"@type":"WebPage","@id":"https:\/\/www.pia-kraus.de\/en\/en\/impressum\/","url":"https:\/\/www.pia-kraus.de\/en\/en\/impressum\/","name":"Impressum - Pia Kraus","isPartOf":{"@id":"https:\/\/www.pia-kraus.de\/#website"},"datePublished":"2025-02-11T00:35:22+00:00","dateModified":"2025-02-11T00:46:36+00:00","breadcrumb":{"@id":"https:\/\/www.pia-kraus.de\/en\/impressum\/#breadcrumb"},"inLanguage":"en-US","potentialAction":[{"@type":"ReadAction","target":["https:\/\/www.pia-kraus.de\/en\/impressum\/"]}]},{"@type":"BreadcrumbList","@id":"https:\/\/www.pia-kraus.de\/en\/impressum\/#breadcrumb","itemListElement":[{"@type":"ListItem","position":1,"name":"Home","item":"https:\/\/www.pia-kraus.de\/"},{"@type":"ListItem","position":2,"name":"Impressum"}]},{"@type":"WebSite","@id":"https:\/\/www.pia-kraus.de\/en\/#website","url":"https:\/\/www.pia-kraus.de\/en\/","name":"Pia Kraus","description":"","publisher":{"@id":"https:\/\/www.pia-kraus.de\/en\/#organization"},"potentialAction":[{"@type":"SearchAction","target":{"@type":"EntryPoint","urlTemplate":"https:\/\/www.pia-kraus.de\/en\/?s={search_term_string}"},"query-input":{"@type":"PropertyValueSpecification","valueRequired":true,"valueName":"search_term_string"}}],"inLanguage":"en-US"},{"@type":"Organization","@id":"https:\/\/www.pia-kraus.de\/en\/#organization","name":"Pia Kraus","url":"https:\/\/www.pia-kraus.de\/en\/","logo":{"@type":"ImageObject","inLanguage":"en-US","@id":"https:\/\/www.pia-kraus.de\/en\/#\/schema\/logo\/image\/","url":"https:\/\/www.pia-kraus.de\/wp-content\/uploads\/2025\/01\/cropped-cropped-pia_logo.png","contentUrl":"https:\/\/www.pia-kraus.de\/wp-content\/uploads\/2025\/01\/cropped-cropped-pia_logo.png","width":512,"height":512,"caption":"Pia Kraus"},"image":{"@id":"https:\/\/www.pia-kraus.de\/en\/#\/schema\/logo\/image\/"}}]}},"_links":{"self":[{"href":"https:\/\/www.pia-kraus.de\/en\/wp-json\/wp\/v2\/pages\/861","targetHints":{"allow":["GET"]}}],"collection":[{"href":"https:\/\/www.pia-kraus.de\/en\/wp-json\/wp\/v2\/pages"}],"about":[{"href":"https:\/\/www.pia-kraus.de\/en\/wp-json\/wp\/v2\/types\/page"}],"author":[{"embeddable":true,"href":"https:\/\/www.pia-kraus.de\/en\/wp-json\/wp\/v2\/users\/1"}],"replies":[{"embeddable":true,"href":"https:\/\/www.pia-kraus.de\/en\/wp-json\/wp\/v2\/comments?post=861"}],"version-history":[{"count":7,"href":"https:\/\/www.pia-kraus.de\/en\/wp-json\/wp\/v2\/pages\/861\/revisions"}],"predecessor-version":[{"id":876,"href":"https:\/\/www.pia-kraus.de\/en\/wp-json\/wp\/v2\/pages\/861\/revisions\/876"}],"wp:attachment":[{"href":"https:\/\/www.pia-kraus.de\/en\/wp-json\/wp\/v2\/media?parent=861"}],"curies":[{"name":"wp","href":"https:\/\/api.w.org\/{rel}","templated":true}]}}