{"id":426,"date":"2025-01-20T20:28:02","date_gmt":"2025-01-20T20:28:02","guid":{"rendered":"https:\/\/www.pia-kraus.de\/?page_id=426"},"modified":"2025-01-30T00:55:39","modified_gmt":"2025-01-30T00:55:39","slug":"about","status":"publish","type":"page","link":"https:\/\/www.pia-kraus.de\/en\/about\/","title":{"rendered":"About"},"content":{"rendered":"\t\t<div data-elementor-type=\"wp-page\" data-elementor-id=\"426\" class=\"elementor elementor-426\" data-elementor-post-type=\"page\">\n\t\t\t\t<div class=\"elementor-element elementor-element-9db92c6 e-flex e-con-boxed e-con e-parent\" data-id=\"9db92c6\" data-element_type=\"container\">\n\t\t\t\t\t<div class=\"e-con-inner\">\n\t\t<div class=\"elementor-element elementor-element-ed7cf0d e-con-full e-flex e-con e-child\" data-id=\"ed7cf0d\" data-element_type=\"container\">\n\t\t\t\t<div class=\"elementor-element elementor-element-be4a4d0 elementor-widget__width-inherit elementor-widget elementor-widget-heading\" data-id=\"be4a4d0\" data-element_type=\"widget\" data-widget_type=\"heading.default\">\n\t\t\t\t<div class=\"elementor-widget-container\">\n\t\t\t\t\t<h2 class=\"elementor-heading-title elementor-size-default\">More about me<\/h2>\t\t\t\t<\/div>\n\t\t\t\t<\/div>\n\t\t\t\t<\/div>\n\t\t<div class=\"elementor-element elementor-element-904f35d e-con-full e-flex e-con e-child\" data-id=\"904f35d\" data-element_type=\"container\">\n\t\t\t\t<div class=\"elementor-element elementor-element-05cdaa0 elementor-widget elementor-widget-image\" data-id=\"05cdaa0\" data-element_type=\"widget\" data-widget_type=\"image.default\">\n\t\t\t\t<div class=\"elementor-widget-container\">\n\t\t\t\t\t\t\t\t\t\t\t\t\t\t\t<img fetchpriority=\"high\" decoding=\"async\" width=\"1024\" height=\"1024\" src=\"https:\/\/www.pia-kraus.de\/wp-content\/uploads\/2025\/01\/IMG_9769-fotor-20250122233825-1024x1024.png\" class=\"attachment-large size-large wp-image-518\" alt=\"\" srcset=\"https:\/\/www.pia-kraus.de\/wp-content\/uploads\/2025\/01\/IMG_9769-fotor-20250122233825-1024x1024.png 1024w, https:\/\/www.pia-kraus.de\/wp-content\/uploads\/2025\/01\/IMG_9769-fotor-20250122233825-300x300.png 300w, https:\/\/www.pia-kraus.de\/wp-content\/uploads\/2025\/01\/IMG_9769-fotor-20250122233825-150x150.png 150w, https:\/\/www.pia-kraus.de\/wp-content\/uploads\/2025\/01\/IMG_9769-fotor-20250122233825-768x768.png 768w, https:\/\/www.pia-kraus.de\/wp-content\/uploads\/2025\/01\/IMG_9769-fotor-20250122233825.png 1280w\" sizes=\"(max-width: 1024px) 100vw, 1024px\" \/>\t\t\t\t\t\t\t\t\t\t\t\t\t\t\t<\/div>\n\t\t\t\t<\/div>\n\t\t\t\t<\/div>\n\t\t\t\t\t<\/div>\n\t\t\t\t<\/div>\n\t\t<div class=\"elementor-element elementor-element-ad6f3e5 e-flex e-con-boxed e-con e-parent\" data-id=\"ad6f3e5\" data-element_type=\"container\">\n\t\t\t\t\t<div class=\"e-con-inner\">\n\t\t\t\t<div class=\"elementor-element elementor-element-483b46a elementor-widget elementor-widget-text-editor\" data-id=\"483b46a\" data-element_type=\"widget\" data-widget_type=\"text-editor.default\">\n\t\t\t\t<div class=\"elementor-widget-container\">\n\t\t\t\t\t\t\t\t\t<p class=\"p1\">Hi there! Mein Name ist Pia Luise Kraus, ich bin Kommunikationsdesignerin aus Frankfurt am Main. Mit Leidenschaft entwickle ich Gestaltungskonzepte, vor allem in den Bereichen digitale Benutzeroberfl\u00e4chen und setze diese anschlie\u00dfend pr\u00e4zise um.<span class=\"Apple-converted-space\">\u00a0<\/span><\/p><p>\u00a0<\/p><p class=\"p1\">Von 2015 bis 2020 studierte ich Kommunikationsdesign am Fachbereich Gestaltung der Hochschule Darmstadt mit den Schwerpunkten Typografie und Grafikdesign. Anschlie\u00dfend arbeitete ich als UX\/UI-Designerin und war auch in der Frontend-Entwicklung t\u00e4tig. Die Kombination aus Design und Entwicklung in meiner Hybrid-Rolle erm\u00f6glicht es mir, kreative Ideen nicht nur zu entwerfen, sondern direkt technisch umzusetzen.<\/p><p>\u00a0<\/p><p class=\"p1\">Was mich an meinem Beruf besonders begeistert, ist die Herausforderung, mich immer wieder auf neue Themen einzulassen und sie kreativ und ansprechend zu gestalten und L\u00f6sungen zu finden \u2013 sowohl im Design, als auch in der Entwicklung.<\/p><p>\u00a0<\/p><p class=\"p1\">Als Teamplayer sch\u00e4tze ich die Zusammenarbeit mit anderen Kreativen sehr. Das zeigte sich bereits besonders w\u00e4hrend meiner Diplomarbeit, die ich gemeinsam mit einer Kommilitonin realisierte.<span class=\"Apple-converted-space\">\u00a0<\/span><\/p><p>\u00a0<\/p><p class=\"p1\">Au\u00dferdem liebe ich das Reisen und konnte letztes Jahr meinen gro\u00dfen Traum einer Weltreise mit dem Backpack verwirklichen.<span class=\"Apple-converted-space\">\u00a0<\/span>Die Eindr\u00fccke und Inspirationen dieser Reise flie\u00dfen heute in meine kreativen Projekte ein und bereichern meine Arbeit immer wieder aufs Neue.<\/p>\t\t\t\t\t\t\t\t<\/div>\n\t\t\t\t<\/div>\n\t\t\t\t\t<\/div>\n\t\t\t\t<\/div>\n\t\t<div class=\"elementor-element elementor-element-bc31ea8 e-flex e-con-boxed e-con e-parent\" data-id=\"bc31ea8\" data-element_type=\"container\">\n\t\t\t\t\t<div class=\"e-con-inner\">\n\t\t\t\t<div class=\"elementor-element elementor-element-8194279 elementor-widget elementor-widget-image\" data-id=\"8194279\" data-element_type=\"widget\" data-widget_type=\"image.default\">\n\t\t\t\t<div class=\"elementor-widget-container\">\n\t\t\t\t\t\t\t\t\t\t\t\t\t\t\t<img decoding=\"async\" width=\"1024\" height=\"679\" src=\"https:\/\/www.pia-kraus.de\/wp-content\/uploads\/2025\/01\/000178680022-1024x679.jpg\" class=\"attachment-large size-large wp-image-69\" alt=\"\" srcset=\"https:\/\/www.pia-kraus.de\/wp-content\/uploads\/2025\/01\/000178680022-1024x679.jpg 1024w, https:\/\/www.pia-kraus.de\/wp-content\/uploads\/2025\/01\/000178680022-300x199.jpg 300w, https:\/\/www.pia-kraus.de\/wp-content\/uploads\/2025\/01\/000178680022-768x509.jpg 768w, https:\/\/www.pia-kraus.de\/wp-content\/uploads\/2025\/01\/000178680022-1536x1019.jpg 1536w, https:\/\/www.pia-kraus.de\/wp-content\/uploads\/2025\/01\/000178680022-2048x1358.jpg 2048w\" sizes=\"(max-width: 1024px) 100vw, 1024px\" \/>\t\t\t\t\t\t\t\t\t\t\t\t\t\t\t<\/div>\n\t\t\t\t<\/div>\n\t\t\t\t\t<\/div>\n\t\t\t\t<\/div>\n\t\t<div class=\"elementor-element elementor-element-44c2fa65 e-flex e-con-boxed e-con e-parent\" data-id=\"44c2fa65\" data-element_type=\"container\" data-settings=\"{&quot;background_background&quot;:&quot;classic&quot;}\">\n\t\t\t\t\t<div class=\"e-con-inner\">\n\t\t\t\t<div class=\"elementor-element elementor-element-c6a495f elementor-widget-tablet__width-inherit elementor-widget-mobile__width-inherit elementor-widget elementor-widget-image-box\" data-id=\"c6a495f\" data-element_type=\"widget\" data-widget_type=\"image-box.default\">\n\t\t\t\t<div class=\"elementor-widget-container\">\n\t\t\t\t\t<div class=\"elementor-image-box-wrapper\"><div class=\"elementor-image-box-content\"><h3 class=\"elementor-image-box-title\">Contact me<\/h3><p class=\"elementor-image-box-description\">I'd love to speak with you.\nFeel free to reach out!<\/p><\/div><\/div>\t\t\t\t<\/div>\n\t\t\t\t<\/div>\n\t\t\t\t<div class=\"elementor-element elementor-element-7006093b elementor-button-align-center elementor-widget__width-initial elementor-widget-tablet__width-inherit elementor-widget elementor-widget-form\" data-id=\"7006093b\" data-element_type=\"widget\" data-settings=\"{&quot;step_next_label&quot;:&quot;Next&quot;,&quot;step_previous_label&quot;:&quot;Previous&quot;,&quot;button_width&quot;:&quot;100&quot;,&quot;step_type&quot;:&quot;number_text&quot;,&quot;step_icon_shape&quot;:&quot;circle&quot;}\" data-widget_type=\"form.default\">\n\t\t\t\t<div class=\"elementor-widget-container\">\n\t\t\t\t\t\t\t<form class=\"elementor-form\" method=\"post\" name=\"WorkShop\" aria-label=\"WorkShop\">\n\t\t\t<input type=\"hidden\" name=\"post_id\" value=\"426\"\/>\n\t\t\t<input type=\"hidden\" name=\"form_id\" value=\"7006093b\"\/>\n\t\t\t<input type=\"hidden\" name=\"referer_title\" value=\"About\" \/>\n\n\t\t\t\n\t\t\t<div class=\"elementor-form-fields-wrapper elementor-labels-\">\n\t\t\t\t\t\t\t\t<div class=\"elementor-field-type-text elementor-field-group elementor-column elementor-field-group-name elementor-col-50\">\n\t\t\t\t\t\t\t\t\t\t\t\t<label for=\"form-field-name\" class=\"elementor-field-label elementor-screen-only\">\n\t\t\t\t\t\t\t\tName\t\t\t\t\t\t\t<\/label>\n\t\t\t\t\t\t\t\t\t\t\t\t\t\t<input size=\"1\" type=\"text\" name=\"form_fields[name]\" id=\"form-field-name\" class=\"elementor-field elementor-size-md  elementor-field-textual\" placeholder=\"Your Name\">\n\t\t\t\t\t\t\t\t\t\t\t<\/div>\n\t\t\t\t\t\t\t\t<div class=\"elementor-field-type-email elementor-field-group elementor-column elementor-field-group-email elementor-col-50 elementor-field-required\">\n\t\t\t\t\t\t\t\t\t\t\t\t<label for=\"form-field-email\" class=\"elementor-field-label elementor-screen-only\">\n\t\t\t\t\t\t\t\tEmail\t\t\t\t\t\t\t<\/label>\n\t\t\t\t\t\t\t\t\t\t\t\t\t\t<input size=\"1\" type=\"email\" name=\"form_fields[email]\" id=\"form-field-email\" class=\"elementor-field elementor-size-md  elementor-field-textual\" placeholder=\"Your email\" required=\"required\">\n\t\t\t\t\t\t\t\t\t\t\t<\/div>\n\t\t\t\t\t\t\t\t<div class=\"elementor-field-type-textarea elementor-field-group elementor-column elementor-field-group-field_13b1542 elementor-col-50\">\n\t\t\t\t\t\t\t\t\t\t\t\t<label for=\"form-field-field_13b1542\" class=\"elementor-field-label elementor-screen-only\">\n\t\t\t\t\t\t\t\tPhone\t\t\t\t\t\t\t<\/label>\n\t\t\t\t\t\t<textarea class=\"elementor-field-textual elementor-field  elementor-size-md\" name=\"form_fields[field_13b1542]\" id=\"form-field-field_13b1542\" rows=\"4\" placeholder=\"Your Message\"><\/textarea>\t\t\t\t<\/div>\n\t\t\t\t\t\t\t\t<div class=\"elementor-field-group elementor-column elementor-field-type-submit elementor-col-100 e-form__buttons\">\n\t\t\t\t\t<button class=\"elementor-button elementor-size-md elementor-animation-grow\" type=\"submit\">\n\t\t\t\t\t\t<span class=\"elementor-button-content-wrapper\">\n\t\t\t\t\t\t\t\t\t\t\t\t\t\t\t\t\t\t\t\t\t\t<span class=\"elementor-button-text\">Send<\/span>\n\t\t\t\t\t\t\t\t\t\t\t\t\t<\/span>\n\t\t\t\t\t<\/button>\n\t\t\t\t<\/div>\n\t\t\t<\/div>\n\t\t<\/form>\n\t\t\t\t\t\t<\/div>\n\t\t\t\t<\/div>\n\t\t\t\t\t<\/div>\n\t\t\t\t<\/div>\n\t\t\t\t<\/div>\n\t\t","protected":false},"excerpt":{"rendered":"<p>More about me Hi there! Mein Name ist Pia Luise Kraus, ich bin Kommunikationsdesignerin aus Frankfurt am Main. Mit Leidenschaft [&hellip;]<\/p>\n","protected":false},"author":1,"featured_media":0,"parent":0,"menu_order":0,"comment_status":"closed","ping_status":"closed","template":"","meta":{"_acf_changed":false,"site-sidebar-layout":"default","site-content-layout":"","ast-site-content-layout":"default","site-content-style":"default","site-sidebar-style":"default","ast-global-header-display":"","ast-banner-title-visibility":"","ast-main-header-display":"","ast-hfb-above-header-display":"","ast-hfb-below-header-display":"","ast-hfb-mobile-header-display":"","site-post-title":"","ast-breadcrumbs-content":"","ast-featured-img":"","footer-sml-layout":"","theme-transparent-header-meta":"","adv-header-id-meta":"","stick-header-meta":"","header-above-stick-meta":"","header-main-stick-meta":"","header-below-stick-meta":"","astra-migrate-meta-layouts":"default","ast-page-background-enabled":"default","ast-page-background-meta":{"desktop":{"background-color":"var(--ast-global-color-5)","background-image":"","background-repeat":"repeat","background-position":"center center","background-size":"auto","background-attachment":"scroll","background-type":"","background-media":"","overlay-type":"","overlay-color":"","overlay-opacity":"","overlay-gradient":""},"tablet":{"background-color":"","background-image":"","background-repeat":"repeat","background-position":"center center","background-size":"auto","background-attachment":"scroll","background-type":"","background-media":"","overlay-type":"","overlay-color":"","overlay-opacity":"","overlay-gradient":""},"mobile":{"background-color":"","background-image":"","background-repeat":"repeat","background-position":"center center","background-size":"auto","background-attachment":"scroll","background-type":"","background-media":"","overlay-type":"","overlay-color":"","overlay-opacity":"","overlay-gradient":""}},"ast-content-background-meta":{"desktop":{"background-color":"var(--ast-global-color-4)","background-image":"","background-repeat":"repeat","background-position":"center center","background-size":"auto","background-attachment":"scroll","background-type":"","background-media":"","overlay-type":"","overlay-color":"","overlay-opacity":"","overlay-gradient":""},"tablet":{"background-color":"var(--ast-global-color-4)","background-image":"","background-repeat":"repeat","background-position":"center center","background-size":"auto","background-attachment":"scroll","background-type":"","background-media":"","overlay-type":"","overlay-color":"","overlay-opacity":"","overlay-gradient":""},"mobile":{"background-color":"var(--ast-global-color-4)","background-image":"","background-repeat":"repeat","background-position":"center center","background-size":"auto","background-attachment":"scroll","background-type":"","background-media":"","overlay-type":"","overlay-color":"","overlay-opacity":"","overlay-gradient":""}},"footnotes":""},"class_list":["post-426","page","type-page","status-publish","hentry"],"acf":[],"yoast_head":"<!-- This site is optimized with the Yoast SEO plugin v25.5 - https:\/\/yoast.com\/wordpress\/plugins\/seo\/ -->\n<title>About - Pia Kraus<\/title>\n<meta name=\"description\" content=\"More about me Hi there! Mein Name ist Pia Luise Kraus, ich bin Kommunikationsdesignerin aus Frankfurt am Main. Mit Leidenschaft entwickle ich Gestaltungskonzepte, vor allem in den Bereichen digitale Benutzeroberfl\u00e4chen und setze diese anschlie\u00dfend pr\u00e4zise um.\u00a0\u00a0Von 2015 bis 2020 studierte ich Kommunikationsdesign am Fachbereich Gestaltung der Hochschule Darmstadt mit den Schwerpunkten Typografie und Grafikdesign. Anschlie\u00dfend&hellip;\" \/>\n<meta name=\"robots\" content=\"noindex, follow, max-snippet:-1, max-image-preview:large, max-video-preview:-1\" \/>\n<meta property=\"og:locale\" content=\"en_US\" \/>\n<meta property=\"og:type\" content=\"article\" \/>\n<meta property=\"og:title\" content=\"About - Pia Kraus\" \/>\n<meta property=\"og:description\" content=\"More about me Hi there! Mein Name ist Pia Luise Kraus, ich bin Kommunikationsdesignerin aus Frankfurt am Main. Mit Leidenschaft entwickle ich Gestaltungskonzepte, vor allem in den Bereichen digitale Benutzeroberfl\u00e4chen und setze diese anschlie\u00dfend pr\u00e4zise um.\u00a0\u00a0Von 2015 bis 2020 studierte ich Kommunikationsdesign am Fachbereich Gestaltung der Hochschule Darmstadt mit den Schwerpunkten Typografie und Grafikdesign. Anschlie\u00dfend&hellip;\" \/>\n<meta property=\"og:url\" content=\"https:\/\/www.pia-kraus.de\/en\/about\/\" \/>\n<meta property=\"og:site_name\" content=\"Pia Kraus\" \/>\n<meta property=\"article:modified_time\" content=\"2025-01-30T00:55:39+00:00\" \/>\n<meta property=\"og:image\" content=\"https:\/\/www.pia-kraus.de\/wp-content\/uploads\/2025\/01\/IMG_9769-fotor-20250122233825-1024x1024.png\" \/>\n<meta name=\"twitter:card\" content=\"summary_large_image\" \/>\n<meta name=\"twitter:label1\" content=\"Est. reading time\" \/>\n\t<meta name=\"twitter:data1\" content=\"2 minutes\" \/>\n<script type=\"application\/ld+json\" class=\"yoast-schema-graph\">{\"@context\":\"https:\/\/schema.org\",\"@graph\":[{\"@type\":\"WebPage\",\"@id\":\"https:\/\/www.pia-kraus.de\/en\/en\/about\/\",\"url\":\"https:\/\/www.pia-kraus.de\/en\/en\/about\/\",\"name\":\"About - Pia Kraus\",\"isPartOf\":{\"@id\":\"https:\/\/www.pia-kraus.de\/#website\"},\"primaryImageOfPage\":{\"@id\":\"https:\/\/www.pia-kraus.de\/en\/about\/#primaryimage\"},\"image\":{\"@id\":\"https:\/\/www.pia-kraus.de\/en\/about\/#primaryimage\"},\"thumbnailUrl\":\"https:\/\/www.pia-kraus.de\/wp-content\/uploads\/2025\/01\/IMG_9769-fotor-20250122233825-1024x1024.png\",\"datePublished\":\"2025-01-20T20:28:02+00:00\",\"dateModified\":\"2025-01-30T00:55:39+00:00\",\"breadcrumb\":{\"@id\":\"https:\/\/www.pia-kraus.de\/en\/about\/#breadcrumb\"},\"inLanguage\":\"en-US\",\"potentialAction\":[{\"@type\":\"ReadAction\",\"target\":[\"https:\/\/www.pia-kraus.de\/en\/about\/\"]}]},{\"@type\":\"ImageObject\",\"inLanguage\":\"en-US\",\"@id\":\"https:\/\/www.pia-kraus.de\/en\/about\/#primaryimage\",\"url\":\"https:\/\/www.pia-kraus.de\/wp-content\/uploads\/2025\/01\/IMG_9769-fotor-20250122233825-1024x1024.png\",\"contentUrl\":\"https:\/\/www.pia-kraus.de\/wp-content\/uploads\/2025\/01\/IMG_9769-fotor-20250122233825-1024x1024.png\"},{\"@type\":\"BreadcrumbList\",\"@id\":\"https:\/\/www.pia-kraus.de\/en\/about\/#breadcrumb\",\"itemListElement\":[{\"@type\":\"ListItem\",\"position\":1,\"name\":\"Home\",\"item\":\"https:\/\/www.pia-kraus.de\/\"},{\"@type\":\"ListItem\",\"position\":2,\"name\":\"About\"}]},{\"@type\":\"WebSite\",\"@id\":\"https:\/\/www.pia-kraus.de\/en\/#website\",\"url\":\"https:\/\/www.pia-kraus.de\/en\/\",\"name\":\"Pia Kraus\",\"description\":\"\",\"publisher\":{\"@id\":\"https:\/\/www.pia-kraus.de\/en\/#organization\"},\"potentialAction\":[{\"@type\":\"SearchAction\",\"target\":{\"@type\":\"EntryPoint\",\"urlTemplate\":\"https:\/\/www.pia-kraus.de\/en\/?s={search_term_string}\"},\"query-input\":{\"@type\":\"PropertyValueSpecification\",\"valueRequired\":true,\"valueName\":\"search_term_string\"}}],\"inLanguage\":\"en-US\"},{\"@type\":\"Organization\",\"@id\":\"https:\/\/www.pia-kraus.de\/en\/#organization\",\"name\":\"Pia Kraus\",\"url\":\"https:\/\/www.pia-kraus.de\/en\/\",\"logo\":{\"@type\":\"ImageObject\",\"inLanguage\":\"en-US\",\"@id\":\"https:\/\/www.pia-kraus.de\/en\/#\/schema\/logo\/image\/\",\"url\":\"https:\/\/www.pia-kraus.de\/wp-content\/uploads\/2025\/01\/cropped-cropped-pia_logo.png\",\"contentUrl\":\"https:\/\/www.pia-kraus.de\/wp-content\/uploads\/2025\/01\/cropped-cropped-pia_logo.png\",\"width\":512,\"height\":512,\"caption\":\"Pia Kraus\"},\"image\":{\"@id\":\"https:\/\/www.pia-kraus.de\/en\/#\/schema\/logo\/image\/\"}}]}<\/script>\n<!-- \/ Yoast SEO plugin. -->","yoast_head_json":{"title":"About - Pia Kraus","description":"More about me Hi there! Mein Name ist Pia Luise Kraus, ich bin Kommunikationsdesignerin aus Frankfurt am Main. Mit Leidenschaft entwickle ich Gestaltungskonzepte, vor allem in den Bereichen digitale Benutzeroberfl\u00e4chen und setze diese anschlie\u00dfend pr\u00e4zise um.\u00a0\u00a0Von 2015 bis 2020 studierte ich Kommunikationsdesign am Fachbereich Gestaltung der Hochschule Darmstadt mit den Schwerpunkten Typografie und Grafikdesign. Anschlie\u00dfend&hellip;","robots":{"index":"noindex","follow":"follow","max-snippet":"max-snippet:-1","max-image-preview":"max-image-preview:large","max-video-preview":"max-video-preview:-1"},"og_locale":"en_US","og_type":"article","og_title":"About - Pia Kraus","og_description":"More about me Hi there! Mein Name ist Pia Luise Kraus, ich bin Kommunikationsdesignerin aus Frankfurt am Main. Mit Leidenschaft entwickle ich Gestaltungskonzepte, vor allem in den Bereichen digitale Benutzeroberfl\u00e4chen und setze diese anschlie\u00dfend pr\u00e4zise um.\u00a0\u00a0Von 2015 bis 2020 studierte ich Kommunikationsdesign am Fachbereich Gestaltung der Hochschule Darmstadt mit den Schwerpunkten Typografie und Grafikdesign. Anschlie\u00dfend&hellip;","og_url":"https:\/\/www.pia-kraus.de\/en\/about\/","og_site_name":"Pia Kraus","article_modified_time":"2025-01-30T00:55:39+00:00","og_image":[{"url":"https:\/\/www.pia-kraus.de\/wp-content\/uploads\/2025\/01\/IMG_9769-fotor-20250122233825-1024x1024.png","type":"","width":"","height":""}],"twitter_card":"summary_large_image","twitter_misc":{"Est. reading time":"2 minutes"},"schema":{"@context":"https:\/\/schema.org","@graph":[{"@type":"WebPage","@id":"https:\/\/www.pia-kraus.de\/en\/en\/about\/","url":"https:\/\/www.pia-kraus.de\/en\/en\/about\/","name":"About - Pia Kraus","isPartOf":{"@id":"https:\/\/www.pia-kraus.de\/#website"},"primaryImageOfPage":{"@id":"https:\/\/www.pia-kraus.de\/en\/about\/#primaryimage"},"image":{"@id":"https:\/\/www.pia-kraus.de\/en\/about\/#primaryimage"},"thumbnailUrl":"https:\/\/www.pia-kraus.de\/wp-content\/uploads\/2025\/01\/IMG_9769-fotor-20250122233825-1024x1024.png","datePublished":"2025-01-20T20:28:02+00:00","dateModified":"2025-01-30T00:55:39+00:00","breadcrumb":{"@id":"https:\/\/www.pia-kraus.de\/en\/about\/#breadcrumb"},"inLanguage":"en-US","potentialAction":[{"@type":"ReadAction","target":["https:\/\/www.pia-kraus.de\/en\/about\/"]}]},{"@type":"ImageObject","inLanguage":"en-US","@id":"https:\/\/www.pia-kraus.de\/en\/about\/#primaryimage","url":"https:\/\/www.pia-kraus.de\/wp-content\/uploads\/2025\/01\/IMG_9769-fotor-20250122233825-1024x1024.png","contentUrl":"https:\/\/www.pia-kraus.de\/wp-content\/uploads\/2025\/01\/IMG_9769-fotor-20250122233825-1024x1024.png"},{"@type":"BreadcrumbList","@id":"https:\/\/www.pia-kraus.de\/en\/about\/#breadcrumb","itemListElement":[{"@type":"ListItem","position":1,"name":"Home","item":"https:\/\/www.pia-kraus.de\/"},{"@type":"ListItem","position":2,"name":"About"}]},{"@type":"WebSite","@id":"https:\/\/www.pia-kraus.de\/en\/#website","url":"https:\/\/www.pia-kraus.de\/en\/","name":"Pia Kraus","description":"","publisher":{"@id":"https:\/\/www.pia-kraus.de\/en\/#organization"},"potentialAction":[{"@type":"SearchAction","target":{"@type":"EntryPoint","urlTemplate":"https:\/\/www.pia-kraus.de\/en\/?s={search_term_string}"},"query-input":{"@type":"PropertyValueSpecification","valueRequired":true,"valueName":"search_term_string"}}],"inLanguage":"en-US"},{"@type":"Organization","@id":"https:\/\/www.pia-kraus.de\/en\/#organization","name":"Pia Kraus","url":"https:\/\/www.pia-kraus.de\/en\/","logo":{"@type":"ImageObject","inLanguage":"en-US","@id":"https:\/\/www.pia-kraus.de\/en\/#\/schema\/logo\/image\/","url":"https:\/\/www.pia-kraus.de\/wp-content\/uploads\/2025\/01\/cropped-cropped-pia_logo.png","contentUrl":"https:\/\/www.pia-kraus.de\/wp-content\/uploads\/2025\/01\/cropped-cropped-pia_logo.png","width":512,"height":512,"caption":"Pia Kraus"},"image":{"@id":"https:\/\/www.pia-kraus.de\/en\/#\/schema\/logo\/image\/"}}]}},"_links":{"self":[{"href":"https:\/\/www.pia-kraus.de\/en\/wp-json\/wp\/v2\/pages\/426","targetHints":{"allow":["GET"]}}],"collection":[{"href":"https:\/\/www.pia-kraus.de\/en\/wp-json\/wp\/v2\/pages"}],"about":[{"href":"https:\/\/www.pia-kraus.de\/en\/wp-json\/wp\/v2\/types\/page"}],"author":[{"embeddable":true,"href":"https:\/\/www.pia-kraus.de\/en\/wp-json\/wp\/v2\/users\/1"}],"replies":[{"embeddable":true,"href":"https:\/\/www.pia-kraus.de\/en\/wp-json\/wp\/v2\/comments?post=426"}],"version-history":[{"count":46,"href":"https:\/\/www.pia-kraus.de\/en\/wp-json\/wp\/v2\/pages\/426\/revisions"}],"predecessor-version":[{"id":707,"href":"https:\/\/www.pia-kraus.de\/en\/wp-json\/wp\/v2\/pages\/426\/revisions\/707"}],"wp:attachment":[{"href":"https:\/\/www.pia-kraus.de\/en\/wp-json\/wp\/v2\/media?parent=426"}],"curies":[{"name":"wp","href":"https:\/\/api.w.org\/{rel}","templated":true}]}}